{"id":166,"date":"2018-12-20T08:58:21","date_gmt":"2018-12-20T08:58:21","guid":{"rendered":"https:\/\/demo2wpopal.b-cdn.net\/maisonco\/?page_id=166"},"modified":"2026-02-13T16:37:13","modified_gmt":"2026-02-13T16:37:13","slug":"home-2","status":"publish","type":"page","link":"https:\/\/gris.pt\/","title":{"rendered":"In\u00edcio"},"content":{"rendered":"\t\t<div data-elementor-type=\"wp-post\" data-elementor-id=\"166\" class=\"elementor elementor-166\">\n\t\t\t\t\t\t<section class=\"elementor-section elementor-top-section elementor-element elementor-element-a89a5ee elementor-section-stretched elementor-section-full_width elementor-section-height-min-height elementor-section-height-default elementor-section-items-middle\" data-id=\"a89a5ee\" data-element_type=\"section\" data-settings=\"{&quot;stretch_section&quot;:&quot;section-stretched&quot;}\">\n\t\t\t\t\t\t<div class=\"elementor-container elementor-column-gap-no\">\n\t\t\t\t\t<div class=\"elementor-column elementor-col-100 elementor-top-column elementor-element elementor-element-897aed9\" data-id=\"897aed9\" data-element_type=\"column\">\n\t\t\t<div class=\"elementor-widget-wrap elementor-element-populated\">\n\t\t\t\t\t\t<div class=\"elementor-element elementor-element-8758700 elementor-widget elementor-widget-slider_revolution\" data-id=\"8758700\" data-element_type=\"widget\" data-widget_type=\"slider_revolution.default\">\n\t\t\t\t<div class=\"elementor-widget-container\">\n\t\t\t\n\t\t<div class=\"wp-block-themepunch-revslider\">\n\t\t\t\t<p class=\"rs-p-wp-fix\"><\/p>\n\t\t\t\t<sr7-module data-alias=\"home2-11\" data-id=\"11\" id=\"SR7_11_1\" class=\"rs-ov-hidden\" data-version=\"6.7.15\">\n\t\t\t\t\t<sr7-adjuster><\/sr7-adjuster>\n\t\t\t\t\t<sr7-content>\n\t\t\t\t\t\t<sr7-slide id=\"SR7_11_1-40\" data-key=\"40\">\n\t\t\t\t\t\t\t<sr7-bg id=\"SR7_11_1-40-10\" class=\"sr7-layer\"><noscript><img decoding=\"async\" src=\"https:\/\/gris.pt\/wp-content\/uploads\/2024\/08\/Castelo-sao-jorge.jpg\" alt=\"\" title=\"Castelo sao jorge\"><\/noscript><\/sr7-bg>\n\t\t\t\t\t\t\t<sr7-txt id=\"SR7_11_1-40-6\" class=\"sr7-layer\">COMUNIDADES QUE INSPIRAM<\/sr7-txt>\n\t\t\t\t\t\t\t<sr7-txt id=\"SR7_11_1-40-9\" class=\"sr7-layer\">Na GRIS, constru\u00edmos mais do que casas \u2013 criamos lugares onde a vida acontece.<\/sr7-txt>\n\t\t\t\t\t\t<\/sr7-slide>\n\t\t\t\t\t\t<sr7-slide id=\"SR7_11_1-41\" data-key=\"41\">\n\t\t\t\t\t\t\t<sr7-bg id=\"SR7_11_1-41-8\" class=\"sr7-layer\"><noscript><img decoding=\"async\" src=\"https:\/\/gris.pt\/wp-content\/uploads\/2024\/08\/54.jpg\" alt=\"\" title=\"54\"><\/noscript><\/sr7-bg>\n\t\t\t\t\t\t\t<sr7-txt id=\"SR7_11_1-41-6\" class=\"sr7-layer\">A BELEZA AO SERVI\u00c7O DA FUNCIONALIDADE<\/sr7-txt>\n\t\t\t\t\t\t\t<sr7-txt id=\"SR7_11_1-41-7\" class=\"sr7-layer\">Um design elegante e pr\u00e1tico que cria espa\u00e7os que encantam e inspiram.<\/sr7-txt>\n\t\t\t\t\t\t<\/sr7-slide>\n\t\t\t\t\t\t<sr7-slide id=\"SR7_11_1-42\" data-key=\"42\">\n\t\t\t\t\t\t\t<sr7-bg id=\"SR7_11_1-42-8\" class=\"sr7-layer\"><noscript><img decoding=\"async\" src=\"https:\/\/gris.pt\/wp-content\/uploads\/2024\/08\/pai-e-filho-a-brincar.jpg\" alt=\"\" title=\"pai e filho a brincar\"><\/noscript><\/sr7-bg>\n\t\t\t\t\t\t\t<sr7-txt id=\"SR7_11_1-42-6\" class=\"sr7-layer\">O SEU LAR \u00c9 A NOSSA PAIX\u00c3O<\/sr7-txt>\n\t\t\t\t\t\t\t<sr7-txt id=\"SR7_11_1-42-7\" class=\"sr7-layer\">Criamos projetos que se tornam lares acolhedores.<\/sr7-txt>\n\t\t\t\t\t\t<\/sr7-slide>\n\t\t\t\t\t\t<sr7-slide id=\"SR7_11_1-43\" data-key=\"43\">\n\t\t\t\t\t\t\t<sr7-bg id=\"SR7_11_1-43-8\" class=\"sr7-layer\"><noscript><img decoding=\"async\" src=\"https:\/\/gris.pt\/wp-content\/uploads\/2024\/08\/37.jpg\" alt=\"\" title=\"37\"><\/noscript><\/sr7-bg>\n\t\t\t\t\t\t\t<sr7-txt id=\"SR7_11_1-43-6\" class=\"sr7-layer\">A EXCEL\u00caNCIA EM CADA DETALHE<\/sr7-txt>\n\t\t\t\t\t\t\t<sr7-txt id=\"SR7_11_1-43-7\" class=\"sr7-layer\">Projetos residenciais com um compromisso inabal\u00e1vel de qualidade.<\/sr7-txt>\n\t\t\t\t\t\t<\/sr7-slide>\n\t\t\t\t\t\t<sr7-slide id=\"SR7_11_1-45\" data-key=\"45\">\n\t\t\t\t\t\t\t<sr7-bg id=\"SR7_11_1-45-8\" class=\"sr7-layer\"><noscript><img decoding=\"async\" src=\"https:\/\/gris.pt\/wp-content\/uploads\/2024\/08\/787A0886-scaled.jpg\" alt=\"\" title=\"787A0886\"><\/noscript><\/sr7-bg>\n\t\t\t\t\t\t\t<sr7-txt id=\"SR7_11_1-45-6\" class=\"sr7-layer\">VIS\u00c3O E INOVA\u00c7\u00c3O<\/sr7-txt>\n\t\t\t\t\t\t\t<sr7-txt id=\"SR7_11_1-45-7\" class=\"sr7-layer\">Antecipamos o futuro com solu\u00e7\u00f5es criativas e inovadoras em cada projeto.<\/sr7-txt>\n\t\t\t\t\t\t<\/sr7-slide>\n\t\t\t\t\t\t<sr7-slide id=\"SR7_11_1-44\" data-key=\"44\">\n\t\t\t\t\t\t\t<sr7-bg id=\"SR7_11_1-44-8\" class=\"sr7-layer\"><noscript><img decoding=\"async\" src=\"https:\/\/gris.pt\/wp-content\/uploads\/2024\/08\/Jardim-de-casa.jpg\" alt=\"\" title=\"Jardim de casa\"><\/noscript><\/sr7-bg>\n\t\t\t\t\t\t\t<sr7-txt id=\"SR7_11_1-44-6\" class=\"sr7-layer\">IMPACTO DURADOURO<\/sr7-txt>\n\t\t\t\t\t\t\t<sr7-txt id=\"SR7_11_1-44-7\" class=\"sr7-layer\">Criamos lares que refletem qualidade, inova\u00e7\u00e3o e respeito pelo meio ambiente.<\/sr7-txt>\n\t\t\t\t\t\t<\/sr7-slide>\n\t\t\t\t\t\t<sr7-slide id=\"SR7_11_1-39\" data-key=\"39\">\n\t\t\t\t\t\t<\/sr7-slide>\n\t\t\t\t\t<\/sr7-content>\n\t\t\t\t\t<image_lists style=\"display:none\">\n\t\t\t\t\t\t<img data-src=\"\/\/gris.pt\/wp-content\/uploads\/revslider\/slide-home2.jpg\" width=\"0\" height=\"0\" data-dbsrc=\"Ly9ncmlzLnB0L3dwLWNvbnRlbnQvdXBsb2Fkcy9yZXZzbGlkZXIvc2xpZGUtaG9tZTIuanBn\"\/>\n\t\t\t\t\t\t<img data-src=\"\/\/gris.pt\/wp-content\/uploads\/revslider\/slide-home1-2.jpg\" width=\"0\" height=\"0\" data-dbsrc=\"Ly9ncmlzLnB0L3dwLWNvbnRlbnQvdXBsb2Fkcy9yZXZzbGlkZXIvc2xpZGUtaG9tZTEtMi5qcGc=\"\/>\n\t\t\t\t\t\t<img data-src=\"\/\/gris.pt\/wp-content\/uploads\/2024\/08\/Castelo-sao-jorge.jpg\" data-libid=\"3559\" data-lib=\"medialibrary\" title=\"Castelo sao jorge\" width=\"0\" height=\"0\" data-dbsrc=\"Ly9ncmlzLnB0L3dwLWNvbnRlbnQvdXBsb2Fkcy8yMDI0LzA4L0Nhc3RlbG8tc2FvLWpvcmdlLmpwZw==\"\/>\n\t\t\t\t\t\t<img loading=\"lazy\" data-src=\"\/\/gris.pt\/wp-content\/uploads\/2024\/08\/54.jpg\" data-libid=\"3572\" data-lib=\"medialibrary\" title=\"54\" width=\"0\" height=\"0\" data-dbsrc=\"Ly9ncmlzLnB0L3dwLWNvbnRlbnQvdXBsb2Fkcy8yMDI0LzA4LzU0LmpwZw==\"\/>\n\t\t\t\t\t\t<img loading=\"lazy\" data-src=\"\/\/gris.pt\/wp-content\/uploads\/2024\/08\/pai-e-filho-a-brincar.jpg\" data-libid=\"3573\" data-lib=\"medialibrary\" title=\"pai e filho a brincar\" width=\"0\" height=\"0\" data-dbsrc=\"Ly9ncmlzLnB0L3dwLWNvbnRlbnQvdXBsb2Fkcy8yMDI0LzA4L3BhaS1lLWZpbGhvLWEtYnJpbmNhci5qcGc=\"\/>\n\t\t\t\t\t\t<img loading=\"lazy\" data-src=\"\/\/gris.pt\/wp-content\/uploads\/2024\/08\/37.jpg\" data-libid=\"3574\" data-lib=\"medialibrary\" title=\"37\" width=\"0\" height=\"0\" data-dbsrc=\"Ly9ncmlzLnB0L3dwLWNvbnRlbnQvdXBsb2Fkcy8yMDI0LzA4LzM3LmpwZw==\"\/>\n\t\t\t\t\t\t<img loading=\"lazy\" data-src=\"\/\/gris.pt\/wp-content\/uploads\/2024\/08\/Jardim-de-casa.jpg\" data-libid=\"3575\" data-lib=\"medialibrary\" title=\"Jardim de casa\" width=\"0\" height=\"0\" data-dbsrc=\"Ly9ncmlzLnB0L3dwLWNvbnRlbnQvdXBsb2Fkcy8yMDI0LzA4L0phcmRpbS1kZS1jYXNhLmpwZw==\"\/>\n\t\t\t\t\t\t<img loading=\"lazy\" data-src=\"\/\/gris.pt\/wp-content\/uploads\/2024\/08\/787A0886-scaled.jpg\" data-libid=\"3576\" data-lib=\"medialibrary\" title=\"787A0886\" width=\"0\" height=\"0\" data-dbsrc=\"Ly9ncmlzLnB0L3dwLWNvbnRlbnQvdXBsb2Fkcy8yMDI0LzA4Lzc4N0EwODg2LXNjYWxlZC5qcGc=\"\/>\n\t\t\t\t\t<\/image_lists>\n\t\t\t\t<\/sr7-module>\n\t\t\t\t<script>\n\t\t\t\t\tSR7.PMH ??={}; SR7.PMH[\"SR7_11_1\"] = {cn:0,state:false,fn: function() { if (_tpt!==undefined && _tpt.prepareModuleHeight !== undefined) {  _tpt.prepareModuleHeight({id:\"SR7_11_1\",el:[920,920,920,920,720],type:'standard',shdw:'0',gh:[920,920,920,920,720],gw:[1920,1920,1024,778,480],vpt:['100px&#039;,&#039;100px&#039;,&#039;100px&#039;,&#039;100px&#039;,&#039;100px'],size:{fullWidth:true, fullHeight:true},fho:',100',mh:'0',onh:0,onw:0,bg:{color:'{\"orig\":\"transparent\",\"type\":\"solid\",\"string\":\"transparent\"}'},plType:'0',plColor:'#FFFFFF'});   SR7.PMH[\"SR7_11_1\"].state=true;} else if((SR7.PMH[\"SR7_11_1\"].cn++)<100)\tsetTimeout( SR7.PMH[\"SR7_11_1\"].fn,19);}};SR7.PMH[\"SR7_11_1\" ].fn();\n\t\t\t\t<\/script>\n<\/div>\n\n\t\t\t\t<\/div>\n\t\t\t\t<\/div>\n\t\t\t\t\t<\/div>\n\t\t<\/div>\n\t\t\t\t\t<\/div>\n\t\t<\/section>\n\t\t\t\t<section class=\"elementor-section elementor-top-section elementor-element elementor-element-f1b3078 elementor-section-stretched elementor-section-full_width elementor-section-content-middle elementor-section-height-default elementor-section-height-default\" data-id=\"f1b3078\" data-element_type=\"section\" data-settings=\"{&quot;stretch_section&quot;:&quot;section-stretched&quot;,&quot;background_background&quot;:&quot;classic&quot;}\">\n\t\t\t\t\t\t<div class=\"elementor-container elementor-column-gap-no\">\n\t\t\t\t\t<div class=\"elementor-column elementor-col-50 elementor-top-column elementor-element elementor-element-66222e1 animated-fast elementor-invisible\" data-id=\"66222e1\" data-element_type=\"column\" data-settings=\"{&quot;animation&quot;:&quot;opal-move-up&quot;}\">\n\t\t\t<div class=\"elementor-widget-wrap elementor-element-populated\">\n\t\t\t\t\t\t<section class=\"elementor-section elementor-inner-section elementor-element elementor-element-171d96b elementor-section-content-middle elementor-section-boxed elementor-section-height-default elementor-section-height-default\" data-id=\"171d96b\" data-element_type=\"section\">\n\t\t\t\t\t\t<div class=\"elementor-container elementor-column-gap-default\">\n\t\t\t\t\t<div class=\"elementor-column elementor-col-100 elementor-inner-column elementor-element elementor-element-bbe4760\" data-id=\"bbe4760\" data-element_type=\"column\">\n\t\t\t<div class=\"elementor-widget-wrap elementor-element-populated\">\n\t\t\t\t\t\t<div class=\"elementor-element elementor-element-d869ea8 elementor-widget elementor-widget-heading\" data-id=\"d869ea8\" data-element_type=\"widget\" data-widget_type=\"heading.default\">\n\t\t\t\t<div class=\"elementor-widget-container\">\n\t\t\t<style>\/*! elementor - v3.23.0 - 05-08-2024 *\/\n.elementor-heading-title{padding:0;margin:0;line-height:1}.elementor-widget-heading .elementor-heading-title[class*=elementor-size-]>a{color:inherit;font-size:inherit;line-height:inherit}.elementor-widget-heading .elementor-heading-title.elementor-size-small{font-size:15px}.elementor-widget-heading .elementor-heading-title.elementor-size-medium{font-size:19px}.elementor-widget-heading .elementor-heading-title.elementor-size-large{font-size:29px}.elementor-widget-heading .elementor-heading-title.elementor-size-xl{font-size:39px}.elementor-widget-heading .elementor-heading-title.elementor-size-xxl{font-size:59px}<\/style><i aria-hidden=\"true\" class=\"icon_before opal-icon-decor\"><\/i><h2 class=\"elementor-heading-title elementor-size-default\">GRIS - AFFORDABLE HOUSING<\/h2>\t\t<\/div>\n\t\t\t\t<\/div>\n\t\t\t\t<div class=\"elementor-element elementor-element-b584653 elementor-widget elementor-widget-text-editor\" data-id=\"b584653\" data-element_type=\"widget\" data-widget_type=\"text-editor.default\">\n\t\t\t\t<div class=\"elementor-widget-container\">\n\t\t\t<style>\/*! elementor - v3.23.0 - 05-08-2024 *\/\n.elementor-widget-text-editor.elementor-drop-cap-view-stacked .elementor-drop-cap{background-color:#69727d;color:#fff}.elementor-widget-text-editor.elementor-drop-cap-view-framed .elementor-drop-cap{color:#69727d;border:3px solid;background-color:transparent}.elementor-widget-text-editor:not(.elementor-drop-cap-view-default) .elementor-drop-cap{margin-top:8px}.elementor-widget-text-editor:not(.elementor-drop-cap-view-default) .elementor-drop-cap-letter{width:1em;height:1em}.elementor-widget-text-editor .elementor-drop-cap{float:left;text-align:center;line-height:1;font-size:50px}.elementor-widget-text-editor .elementor-drop-cap-letter{display:inline-block}<\/style>\t\t\t\t<p>A GRIS \u00e9 uma empresa de investimento e promo\u00e7\u00e3o imobili\u00e1ria focada na constru\u00e7\u00e3o de habita\u00e7\u00e3o acess\u00edvel e no desenvolvimento urbano sustent\u00e1vel.&nbsp;Criamos cidades onde \u00e9 poss\u00edvel viver.<\/p>\n<p>Desenvolvemos moradias e edif\u00edcios habitacionais na Margem Sul do Tejo, criando solu\u00e7\u00f5es residenciais para a classe m\u00e9dia da \u00c1rea Metropolitana de Lisboa.<\/p>\n<p><br><\/p>\t\t\t\t\t\t<\/div>\n\t\t\t\t<\/div>\n\t\t\t\t\t<\/div>\n\t\t<\/div>\n\t\t\t\t\t<\/div>\n\t\t<\/section>\n\t\t\t\t\t<\/div>\n\t\t<\/div>\n\t\t\t\t<div class=\"elementor-column elementor-col-50 elementor-top-column elementor-element elementor-element-a0ddc74 animated-fast elementor-invisible\" data-id=\"a0ddc74\" data-element_type=\"column\" data-settings=\"{&quot;animation&quot;:&quot;opal-move-left&quot;,&quot;animation_delay&quot;:200}\">\n\t\t\t<div class=\"elementor-widget-wrap elementor-element-populated\">\n\t\t\t\t\t\t<div class=\"elementor-element elementor-element-64819b8 elementor-widget elementor-widget-image\" data-id=\"64819b8\" data-element_type=\"widget\" data-widget_type=\"image.default\">\n\t\t\t\t<div class=\"elementor-widget-container\">\n\t\t\t<style>\/*! elementor - v3.23.0 - 05-08-2024 *\/\n.elementor-widget-image{text-align:center}.elementor-widget-image a{display:inline-block}.elementor-widget-image a img[src$=\".svg\"]{width:48px}.elementor-widget-image img{vertical-align:middle;display:inline-block}<\/style>\t\t\t\t\t\t\t\t\t\t<img loading=\"lazy\" decoding=\"async\" width=\"1024\" height=\"700\" src=\"https:\/\/gris.pt\/wp-content\/uploads\/2024\/08\/DALLE2024-08-2119.14.22-AwelcomingresidentialsceneinthesouthernmarginoftheTejoRivershowcasingmodernelegantsmallapartmentbuildingsandsingle-familyhomesi-ezgif.com-webp-to-jpg-converter-1024x700.jpg\" class=\"attachment-maisonco-featured-image-full size-maisonco-featured-image-full wp-image-3555\" alt=\"\" \/>\t\t\t\t\t\t\t\t\t\t\t\t\t<\/div>\n\t\t\t\t<\/div>\n\t\t\t\t\t<\/div>\n\t\t<\/div>\n\t\t\t\t\t<\/div>\n\t\t<\/section>\n\t\t<div class=\"elementor-element elementor-element-beff513 e-con-full e-flex e-con e-parent\" data-id=\"beff513\" data-element_type=\"container\">\n\t\t<div class=\"elementor-element elementor-element-3eb95da e-con-full e-flex e-con e-child\" data-id=\"3eb95da\" data-element_type=\"container\">\n\t\t\t\t<div class=\"elementor-element elementor-element-633d4bd elementor-widget elementor-widget-text-editor\" data-id=\"633d4bd\" data-element_type=\"widget\" data-widget_type=\"text-editor.default\">\n\t\t\t\t<div class=\"elementor-widget-container\">\n\t\t\t\t\t\t\t<h1><b>Projectos em comercializa\u00e7\u00e3o<\/b><\/h1>\t\t\t\t\t\t<\/div>\n\t\t\t\t<\/div>\n\t\t<div class=\"elementor-element elementor-element-003ef48 e-con-full e-flex e-con e-child\" data-id=\"003ef48\" data-element_type=\"container\">\n\t\t\t\t<div class=\"elementor-element elementor-element-ad8fa48 elementor-widget elementor-widget-wp-widget-rev-slider-widget\" data-id=\"ad8fa48\" data-element_type=\"widget\" data-widget_type=\"wp-widget-rev-slider-widget.default\">\n\t\t\t\t<div class=\"elementor-widget-container\">\n\t\t\t\n\t\t\t\t<p class=\"rs-p-wp-fix\"><\/p>\n\t\t\t\t<sr7-module data-alias=\"service-style-02-1\" data-id=\"12\" id=\"SR7_12_2\" class=\"rs-ov-hidden\" data-version=\"6.7.15\">\n\t\t\t\t\t<sr7-adjuster><\/sr7-adjuster>\n\t\t\t\t\t<sr7-content>\n\t\t\t\t\t\t<sr7-slide id=\"SR7_12_2-46\" data-key=\"46\">\n\t\t\t\t\t\t<\/sr7-slide>\n\t\t\t\t\t\t<sr7-slide id=\"SR7_12_2-47\" data-key=\"47\">\n\t\t\t\t\t\t<\/sr7-slide>\n\t\t\t\t\t\t<sr7-slide id=\"SR7_12_2-48\" data-key=\"48\">\n\t\t\t\t\t\t<\/sr7-slide>\n\t\t\t\t\t\t<sr7-slide id=\"SR7_12_2-49\" data-key=\"49\">\n\t\t\t\t\t\t<\/sr7-slide>\n\t\t\t\t\t\t<sr7-slide id=\"SR7_12_2-50\" data-key=\"50\">\n\t\t\t\t\t\t\t<sr7-txt id=\"SR7_12_2-50-6\" class=\"sr7-layer\">soeiro 31 32<\/sr7-txt>\n\t\t\t\t\t\t\t<sr7-txt id=\"SR7_12_2-50-7\" class=\"sr7-layer\">Um edif\u00edcio, onde a modernidade encontra a eleg\u00e2ncia<br>intemporal. Cada detalhe foi cuidadosamente pensado para<br>oferecer conforto, qualidade e um estilo de vida sofisticado. <\/sr7-txt>\n\t\t\t\t\t\t\t<sr7-txt id=\"SR7_12_2-50-9\" class=\"sr7-layer\">16 Apartamentos<br><br>Tipologias T2 e T3 Duplex<br><br>Grandes varandas<br><br>Acabamentos exclusivos<\/sr7-txt>\n\t\t\t\t\t\t<\/sr7-slide>\n\t\t\t\t\t<\/sr7-content>\n\t\t\t\t\t<image_lists style=\"display:none\">\n\t\t\t\t\t\t<img loading=\"lazy\" data-src=\"\/\/gris.pt\/wp-content\/uploads\/2025\/03\/WhatsApp-Image-2025-03-07-at-11.07.38.jpeg\" data-libid=\"3643\" data-lib=\"medialibrary\" title=\"fachada soeiro\" width=\"0\" height=\"0\" data-dbsrc=\"Ly9ncmlzLnB0L3dwLWNvbnRlbnQvdXBsb2Fkcy8yMDI1LzAzL1doYXRzQXBwLUltYWdlLTIwMjUtMDMtMDctYXQtMTEuMDcuMzguanBlZw==\"\/>\n\t\t\t\t\t\t<img loading=\"lazy\" data-src=\"\/\/gris.pt\/wp-content\/uploads\/2026\/02\/SALA-02-scaled.jpg\" data-libid=\"3667\" data-lib=\"medialibrary\" title=\"SALA 02\" width=\"0\" height=\"0\" data-dbsrc=\"Ly9ncmlzLnB0L3dwLWNvbnRlbnQvdXBsb2Fkcy8yMDI2LzAyL1NBTEEtMDItc2NhbGVkLmpwZw==\"\/>\n\t\t\t\t\t\t<img loading=\"lazy\" data-src=\"\/\/gris.pt\/wp-content\/uploads\/2026\/02\/VARANDA-scaled.jpg\" data-libid=\"3670\" data-lib=\"medialibrary\" title=\"VARANDA\" width=\"0\" height=\"0\" data-dbsrc=\"Ly9ncmlzLnB0L3dwLWNvbnRlbnQvdXBsb2Fkcy8yMDI2LzAyL1ZBUkFOREEtc2NhbGVkLmpwZw==\"\/>\n\t\t\t\t\t\t<img loading=\"lazy\" data-src=\"\/\/gris.pt\/wp-content\/uploads\/2026\/02\/SUITE_WC-scaled.jpg\" data-libid=\"3669\" data-lib=\"medialibrary\" title=\"SUITE_WC\" width=\"0\" height=\"0\" data-dbsrc=\"Ly9ncmlzLnB0L3dwLWNvbnRlbnQvdXBsb2Fkcy8yMDI2LzAyL1NVSVRFX1dDLXNjYWxlZC5qcGc=\"\/>\n\t\t\t\t\t<\/image_lists>\n\t\t\t\t<\/sr7-module>\n\t\t\t\t<script>\n\t\t\t\t\tSR7.PMH ??={}; SR7.PMH[\"SR7_12_2\"] = {cn:0,state:false,fn: function() { if (_tpt!==undefined && _tpt.prepareModuleHeight !== undefined) {  _tpt.prepareModuleHeight({id:\"SR7_12_2\",el:[630,630,768,630,500],type:'standard',shdw:'0',gh:[630,630,768,630,500],gw:[1920,1920,1024,778,480],vpt:['100px&#039;,&#039;100px&#039;,&#039;100px&#039;,&#039;100px&#039;,&#039;100px'],size:{fullWidth:true, fullHeight:false},mh:'0',onh:0,onw:0,bg:{color:'{\"orig\":\"transparent\",\"type\":\"solid\",\"string\":\"transparent\"}'},plType:'0',plColor:'#FFFFFF'});   SR7.PMH[\"SR7_12_2\"].state=true;} else if((SR7.PMH[\"SR7_12_2\"].cn++)<100)\tsetTimeout( SR7.PMH[\"SR7_12_2\"].fn,19);}};SR7.PMH[\"SR7_12_2\" ].fn();\n\t\t\t\t<\/script>\n\t\t<\/div>\n\t\t\t\t<\/div>\n\t\t\t\t<\/div>\n\t\t\t\t<\/div>\n\t\t<div class=\"elementor-element elementor-element-86dd89d e-con-full e-flex e-con e-child\" data-id=\"86dd89d\" data-element_type=\"container\">\n\t\t\t\t<div class=\"elementor-element elementor-element-389310c elementor-widget elementor-widget-wp-widget-rev-slider-widget\" data-id=\"389310c\" data-element_type=\"widget\" data-widget_type=\"wp-widget-rev-slider-widget.default\">\n\t\t\t\t<div class=\"elementor-widget-container\">\n\t\t\t\n\t\t\t\t<p class=\"rs-p-wp-fix\"><\/p>\n\t\t\t\t<sr7-module data-alias=\"service-style-02-1-1\" data-id=\"13\" id=\"SR7_13_3\" class=\"rs-ov-hidden\" data-version=\"6.7.15\">\n\t\t\t\t\t<sr7-adjuster><\/sr7-adjuster>\n\t\t\t\t\t<sr7-content>\n\t\t\t\t\t\t<sr7-slide id=\"SR7_13_3-51\" data-key=\"51\">\n\t\t\t\t\t\t<\/sr7-slide>\n\t\t\t\t\t\t<sr7-slide id=\"SR7_13_3-52\" data-key=\"52\">\n\t\t\t\t\t\t<\/sr7-slide>\n\t\t\t\t\t\t<sr7-slide id=\"SR7_13_3-53\" data-key=\"53\">\n\t\t\t\t\t\t<\/sr7-slide>\n\t\t\t\t\t\t<sr7-slide id=\"SR7_13_3-55\" data-key=\"55\">\n\t\t\t\t\t\t\t<sr7-txt id=\"SR7_13_3-55-6\" class=\"sr7-layer\">azeit\u00e3o business center<\/sr7-txt>\n\t\t\t\t\t\t\t<sr7-txt id=\"SR7_13_3-55-7\" class=\"sr7-layer\">Quatro armaz\u00e9ns em malha urbana,<br>ideal para neg\u00f3cios e ind\u00fastrias<br>leves, com acesso privilegiado \u00e0 A2.<\/sr7-txt>\n\t\t\t\t\t\t\t<sr7-txt id=\"SR7_13_3-55-9\" class=\"sr7-layer\">4 Armaz\u00e9ns<br><br>800 m2 cada<br><br>Totalmente renovados<br><br>Acesso f\u00e1cil \u00e0 A2<\/sr7-txt>\n\t\t\t\t\t\t<\/sr7-slide>\n\t\t\t\t\t<\/sr7-content>\n\t\t\t\t\t<image_lists style=\"display:none\">\n\t\t\t\t\t\t<img loading=\"lazy\" data-src=\"\/\/gris.pt\/wp-content\/uploads\/2026\/02\/imagem-sem-losango.png\" data-libid=\"3675\" data-lib=\"medialibrary\" title=\"imagem sem losango\" width=\"0\" height=\"0\" data-dbsrc=\"Ly9ncmlzLnB0L3dwLWNvbnRlbnQvdXBsb2Fkcy8yMDI2LzAyL2ltYWdlbS1zZW0tbG9zYW5nby5wbmc=\"\/>\n\t\t\t\t\t\t<img loading=\"lazy\" data-src=\"\/\/gris.pt\/wp-content\/uploads\/2026\/02\/787A3271.jpg\" data-libid=\"3676\" data-lib=\"medialibrary\" title=\"787A3271\" width=\"0\" height=\"0\" data-dbsrc=\"Ly9ncmlzLnB0L3dwLWNvbnRlbnQvdXBsb2Fkcy8yMDI2LzAyLzc4N0EzMjcxLmpwZw==\"\/>\n\t\t\t\t\t\t<img loading=\"lazy\" data-src=\"\/\/gris.pt\/wp-content\/uploads\/2026\/02\/787A3203.jpg\" data-libid=\"3677\" data-lib=\"medialibrary\" title=\"787A3203\" width=\"0\" height=\"0\" data-dbsrc=\"Ly9ncmlzLnB0L3dwLWNvbnRlbnQvdXBsb2Fkcy8yMDI2LzAyLzc4N0EzMjAzLmpwZw==\"\/>\n\t\t\t\t\t\t<img loading=\"lazy\" data-src=\"\/\/gris.pt\/wp-content\/uploads\/2026\/02\/SUITE_WC-scaled.jpg\" data-libid=\"3669\" data-lib=\"medialibrary\" title=\"SUITE_WC\" width=\"0\" height=\"0\" data-dbsrc=\"Ly9ncmlzLnB0L3dwLWNvbnRlbnQvdXBsb2Fkcy8yMDI2LzAyL1NVSVRFX1dDLXNjYWxlZC5qcGc=\"\/>\n\t\t\t\t\t<\/image_lists>\n\t\t\t\t<\/sr7-module>\n\t\t\t\t<script>\n\t\t\t\t\tSR7.PMH ??={}; SR7.PMH[\"SR7_13_3\"] = {cn:0,state:false,fn: function() { if (_tpt!==undefined && _tpt.prepareModuleHeight !== undefined) {  _tpt.prepareModuleHeight({id:\"SR7_13_3\",el:[630,630,768,630,500],type:'standard',shdw:'0',gh:[630,630,768,630,500],gw:[1920,1920,1024,778,480],vpt:['100px&#039;,&#039;100px&#039;,&#039;100px&#039;,&#039;100px&#039;,&#039;100px'],size:{fullWidth:true, fullHeight:false},mh:'0',onh:0,onw:0,bg:{color:'{\"orig\":\"transparent\",\"type\":\"solid\",\"string\":\"transparent\"}'},plType:'0',plColor:'#FFFFFF'});   SR7.PMH[\"SR7_13_3\"].state=true;} else if((SR7.PMH[\"SR7_13_3\"].cn++)<100)\tsetTimeout( SR7.PMH[\"SR7_13_3\"].fn,19);}};SR7.PMH[\"SR7_13_3\" ].fn();\n\t\t\t\t<\/script>\n\t\t<\/div>\n\t\t\t\t<\/div>\n\t\t\t\t<\/div>\n\t\t\t\t<\/div>\n\t\t\t\t<\/div>\n\t\t","protected":false},"excerpt":{"rendered":"<p>GRIS &#8211; AFFORDABLE HOUSING A GRIS \u00e9 uma empresa de investimento e promo\u00e7\u00e3o imobili\u00e1ria focada na constru\u00e7\u00e3o de habita\u00e7\u00e3o acess\u00edvel e no desenvolvimento urbano sustent\u00e1vel.&nbsp;Criamos cidades onde \u00e9 poss\u00edvel viver. Desenvolvemos moradias e edif\u00edcios habitacionais na Margem Sul do Tejo, criando solu\u00e7\u00f5es residenciais para a classe m\u00e9dia da \u00c1rea Metropolitana de Lisboa. Projectos em comercializa\u00e7\u00e3o<\/p>\n","protected":false},"author":1,"featured_media":0,"parent":0,"menu_order":0,"comment_status":"closed","ping_status":"closed","template":"page-elementor.php","meta":{"_monsterinsights_skip_tracking":false,"_monsterinsights_sitenote_active":false,"_monsterinsights_sitenote_note":"","_monsterinsights_sitenote_category":0,"footnotes":""},"class_list":["post-166","page","type-page","status-publish","hentry"],"aioseo_notices":[],"_links":{"self":[{"href":"https:\/\/gris.pt\/index.php\/wp-json\/wp\/v2\/pages\/166","targetHints":{"allow":["GET"]}}],"collection":[{"href":"https:\/\/gris.pt\/index.php\/wp-json\/wp\/v2\/pages"}],"about":[{"href":"https:\/\/gris.pt\/index.php\/wp-json\/wp\/v2\/types\/page"}],"author":[{"embeddable":true,"href":"https:\/\/gris.pt\/index.php\/wp-json\/wp\/v2\/users\/1"}],"replies":[{"embeddable":true,"href":"https:\/\/gris.pt\/index.php\/wp-json\/wp\/v2\/comments?post=166"}],"version-history":[{"count":37,"href":"https:\/\/gris.pt\/index.php\/wp-json\/wp\/v2\/pages\/166\/revisions"}],"predecessor-version":[{"id":3685,"href":"https:\/\/gris.pt\/index.php\/wp-json\/wp\/v2\/pages\/166\/revisions\/3685"}],"wp:attachment":[{"href":"https:\/\/gris.pt\/index.php\/wp-json\/wp\/v2\/media?parent=166"}],"curies":[{"name":"wp","href":"https:\/\/api.w.org\/{rel}","templated":true}]}}